{"id":21389,"date":"2024-11-29T20:40:46","date_gmt":"2024-11-29T23:40:46","guid":{"rendered":"https:\/\/directoriocoihueco.cl\/starclick.prueba.cl\/?page_id=21389"},"modified":"2025-12-11T13:14:18","modified_gmt":"2025-12-11T16:14:18","slug":"nuestra-empresa","status":"publish","type":"page","link":"https:\/\/sitioprueba3.starclick.cl\/index.php\/nuestra-empresa\/","title":{"rendered":"Nuestra Empresa"},"content":{"rendered":"<section class=\"l-section wpb_row height_large parallax_ver\"><div class=\"l-section-h i-cf\"><div class=\"g-cols vc_row via_flex valign_top type_default stacking_default\"><div class=\"vc_col-sm-3 wpb_column vc_column_container us_animate_fade\"><div class=\"vc_column-inner\"><div class=\"wpb_wrapper\"><div class=\"w-image us_custom_057801f8 align_none has_bg_color\"><div class=\"w-image-h\"><img decoding=\"async\" width=\"200\" height=\"200\" src=\"https:\/\/sitioprueba3.starclick.cl\/wp-content\/uploads\/2025\/12\/icono-web.png\" class=\"attachment-medium size-medium\" alt=\"\" loading=\"lazy\" srcset=\"https:\/\/sitioprueba3.starclick.cl\/wp-content\/uploads\/2025\/12\/icono-web.png 200w, https:\/\/sitioprueba3.starclick.cl\/wp-content\/uploads\/2025\/12\/icono-web-150x150.png 150w\" sizes=\"auto, (max-width: 200px) 100vw, 200px\" \/><\/div><\/div><\/div><\/div><\/div><div class=\"vc_col-sm-9 wpb_column vc_column_container\"><div class=\"vc_column-inner\"><div class=\"wpb_wrapper\"><div class=\"wpb_text_column us_custom_432d3f53\"><div class=\"wpb_wrapper\"><p><span>Somos una empresa familiar fundada en el a\u00f1o 2016 por un equipo de t\u00e9cnicos especialista en la mantenci\u00f3n de equipos de bombeos, comenzamos realizando mantenciones preventivas y correctivas en terreno de bombas con un gran \u00e9xito en el \u00e1rea agr\u00edcola e industrial.<\/span><\/p>\n<p><span>En la actualidad, hemos decidido diversificar nuestros servicios y entregar una mejor experiencia a nuestros clientes con la venta de bombas y repuestos; tableros el\u00e9ctricos y fabricaci\u00f3n de manifold.\u00a0<\/span><\/p>\n<p><span>Contamos con un equipo de trabajo que se encuentra capacitado para enfrentar problemas que se presenten en terreno y entregar soluciones eficientes seg\u00fan las necesidades de nuestros clientes.<\/span><\/p>\n<\/div><\/div><\/div><\/div><\/div><\/div><\/div><\/section><section class=\"l-section wpb_row height_large with_img\"><div class=\"l-section-img\" role=\"img\" data-img-width=\"1536\" data-img-height=\"1024\" style=\"background-image: url(https:\/\/sitioprueba3.starclick.cl\/wp-content\/uploads\/2025\/12\/fondonuevo2.png);\"><\/div><div class=\"l-section-overlay\" style=\"background:rgba(0,0,0,0.45)\"><\/div><div class=\"l-section-h i-cf\"><div class=\"g-cols vc_row via_flex valign_top type_default stacking_default\"><div class=\"vc_col-sm-12 wpb_column vc_column_container\"><div class=\"vc_column-inner\"><div class=\"wpb_wrapper\"><h1 class=\"w-text us_custom_2509bbe8 has_text_color\"><span class=\"w-text-h\"><span class=\"w-text-value\">Nuestros Valores<\/span><\/span><\/h1><div class=\"w-separator size_medium\"><\/div><\/div><\/div><\/div><div class=\"vc_col-sm-3 wpb_column vc_column_container\"><div class=\"vc_column-inner us_custom_a518f36e us_animate_this\"><div class=\"wpb_wrapper\"><div class=\"w-iconbox us_custom_8b3d6790 has_text_color iconpos_top style_default color_custom align_center no_text\"><div class=\"w-iconbox-icon\" style=\"font-size:100px;--icon-color:var(--color-header-middle-bg);\"><i class=\"fas fa-chart-line\"><\/i><\/div><div class=\"w-iconbox-meta\"><h4 class=\"w-iconbox-title\">Proactividad<\/h4><\/div><\/div><\/div><\/div><\/div><div class=\"vc_col-sm-3 wpb_column vc_column_container\"><div class=\"vc_column-inner us_custom_a518f36e us_animate_this\"><div class=\"wpb_wrapper\"><div class=\"w-iconbox us_custom_8b3d6790 has_text_color iconpos_top style_default color_custom align_center no_text\"><div class=\"w-iconbox-icon\" style=\"font-size:100px;--icon-color:var(--color-header-middle-bg);\"><i class=\"fas fa-award\"><\/i><\/div><div class=\"w-iconbox-meta\"><h4 class=\"w-iconbox-title\">Calidad<\/h4><\/div><\/div><\/div><\/div><\/div><div class=\"vc_col-sm-3 wpb_column vc_column_container\"><div class=\"vc_column-inner us_custom_a518f36e us_animate_this\"><div class=\"wpb_wrapper\"><div class=\"w-iconbox us_custom_8b3d6790 has_text_color iconpos_top style_default color_custom align_center no_text\"><div class=\"w-iconbox-icon\" style=\"font-size:100px;--icon-color:var(--color-header-middle-bg);\"><i class=\"fas fa-handshake\"><\/i><\/div><div class=\"w-iconbox-meta\"><h4 class=\"w-iconbox-title\">Compromiso<\/h4><\/div><\/div><\/div><\/div><\/div><div class=\"vc_col-sm-3 wpb_column vc_column_container\"><div class=\"vc_column-inner us_custom_a518f36e us_animate_this\"><div class=\"wpb_wrapper\"><div class=\"w-iconbox us_custom_8b3d6790 has_text_color iconpos_top style_default color_custom align_center no_text\"><div class=\"w-iconbox-icon\" style=\"font-size:100px;--icon-color:var(--color-header-middle-bg);\"><i class=\"fas fa-hands-heart\"><\/i><\/div><div class=\"w-iconbox-meta\"><h4 class=\"w-iconbox-title\">Honestidad<\/h4><\/div><\/div><\/div><\/div><\/div><\/div><\/div><\/section><section class=\"l-section wpb_row height_large with_img parallax_ver\"><div class=\"l-section-img\" role=\"img\" data-img-width=\"1900\" data-img-height=\"720\" style=\"background-image: url(https:\/\/sitioprueba3.starclick.cl\/wp-content\/uploads\/2025\/12\/hidrokam-banner2.png);background-size: contain;\"><\/div><div class=\"l-section-overlay\" style=\"background:rgba(0,0,0,0.65)\"><\/div><div class=\"l-section-h i-cf\"><div class=\"g-cols vc_row via_flex valign_top type_default stacking_default\"><div class=\"vc_col-sm-6 wpb_column vc_column_container\"><div class=\"vc_column-inner us_custom_7e20fa79 us_animate_this\"><div class=\"wpb_wrapper\"><h3 class=\"w-text us_custom_2509bbe8 has_text_color icon_atleft\"><span class=\"w-text-h\"><i class=\"fas fa-flag\"><\/i><span class=\"w-text-value\">Misi\u00f3n<\/span><\/span><\/h3><div class=\"wpb_text_column us_custom_4a80a5c9 has_text_color\"><div class=\"wpb_wrapper\"><p>Ser una empresa que entrega un servicio r\u00e1pido, integral y personalizado en la venta, instalaci\u00f3n, mantenimiento y reparaci\u00f3n de bombas de agua y lo referente al sistema de impulsi\u00f3n de fluidos.<\/p>\n<\/div><\/div><\/div><\/div><\/div><div class=\"vc_col-sm-6 wpb_column vc_column_container\"><div class=\"vc_column-inner us_custom_47474b22 us_animate_this\"><div class=\"wpb_wrapper\"><h3 class=\"w-text us_custom_2509bbe8 has_text_color icon_atleft\"><span class=\"w-text-h\"><i class=\"fas fa-eye\"><\/i><span class=\"w-text-value\">Visi\u00f3n<\/span><\/span><\/h3><div class=\"wpb_text_column us_custom_4a80a5c9 has_text_color\"><div class=\"wpb_wrapper\"><p>Aspiramos a ser una empresa l\u00edder en la distribuci\u00f3n de equipos de bombeo y en el servicio de instalaci\u00f3n, mantenci\u00f3n y reparaci\u00f3n de bombas, fomentando la buena relaci\u00f3n tanto con los clientes como con los proveedores. Adem\u00e1s de adaptarnos como organizaci\u00f3n a las nuevas tecnolog\u00edas que hay en el mercado agr\u00edcola industrial.<\/p>\n<\/div><\/div><\/div><\/div><\/div><\/div><\/div><\/section><section class=\"l-section wpb_row us_custom_539f15ee height_large\"><div class=\"l-section-h i-cf\"><div class=\"g-cols vc_row via_flex valign_top type_default stacking_default\"><div class=\"vc_col-sm-6 wpb_column vc_column_container us_animate_afl\"><div class=\"vc_column-inner\"><div class=\"wpb_wrapper\"><div class=\"w-btn-wrapper align_right\"><a class=\"w-btn us-btn-style_1 icon_atleft\" title=\"Contacto\" href=\"\/index.php\/contacto\/\"><i class=\"fas fa-paper-plane\"><\/i><span class=\"w-btn-label\">Cont\u00e1ctanos<\/span><\/a><\/div><\/div><\/div><\/div><div class=\"vc_col-sm-6 wpb_column vc_column_container\"><div class=\"vc_column-inner us_custom_47474b22 us_animate_this\"><div class=\"wpb_wrapper\"><div class=\"w-btn-wrapper align_none\"><a class=\"w-btn us-btn-style_1 icon_atleft\" href=\"https:\/\/wa.me\/56999046487\"><i class=\"fab fa-whatsapp\"><\/i><span class=\"w-btn-label\">WhatsApp<\/span><\/a><\/div><\/div><\/div><\/div><\/div><\/div><\/section>\n","protected":false},"excerpt":{"rendered":"Somos una empresa familiar fundada en el a\u00f1o 2016 por un equipo de t\u00e9cnicos especialista en la mantenci\u00f3n de equipos de bombeos, comenzamos realizando mantenciones preventivas y correctivas en terreno de bombas con un gran \u00e9xito en el \u00e1rea agr\u00edcola e industrial. En la actualidad, hemos decidido diversificar nuestros servicios y entregar una mejor experiencia...","protected":false},"author":70,"featured_media":0,"parent":0,"menu_order":0,"comment_status":"closed","ping_status":"closed","template":"","meta":{"_joinchat":[],"footnotes":""},"class_list":["post-21389","page","type-page","status-publish","hentry"],"_links":{"self":[{"href":"https:\/\/sitioprueba3.starclick.cl\/index.php\/wp-json\/wp\/v2\/pages\/21389","targetHints":{"allow":["GET"]}}],"collection":[{"href":"https:\/\/sitioprueba3.starclick.cl\/index.php\/wp-json\/wp\/v2\/pages"}],"about":[{"href":"https:\/\/sitioprueba3.starclick.cl\/index.php\/wp-json\/wp\/v2\/types\/page"}],"author":[{"embeddable":true,"href":"https:\/\/sitioprueba3.starclick.cl\/index.php\/wp-json\/wp\/v2\/users\/70"}],"replies":[{"embeddable":true,"href":"https:\/\/sitioprueba3.starclick.cl\/index.php\/wp-json\/wp\/v2\/comments?post=21389"}],"version-history":[{"count":53,"href":"https:\/\/sitioprueba3.starclick.cl\/index.php\/wp-json\/wp\/v2\/pages\/21389\/revisions"}],"predecessor-version":[{"id":22661,"href":"https:\/\/sitioprueba3.starclick.cl\/index.php\/wp-json\/wp\/v2\/pages\/21389\/revisions\/22661"}],"wp:attachment":[{"href":"https:\/\/sitioprueba3.starclick.cl\/index.php\/wp-json\/wp\/v2\/media?parent=21389"}],"curies":[{"name":"wp","href":"https:\/\/api.w.org\/{rel}","templated":true}]}}