{"id":22672,"date":"2025-12-11T13:23:24","date_gmt":"2025-12-11T16:23:24","guid":{"rendered":"https:\/\/sitioprueba3.starclick.cl\/?page_id=22672"},"modified":"2025-12-11T13:23:24","modified_gmt":"2025-12-11T16:23:24","slug":"terminos-y-condiciones","status":"publish","type":"page","link":"https:\/\/sitioprueba3.starclick.cl\/index.php\/terminos-y-condiciones\/","title":{"rendered":"T\u00e9rminos y Condiciones"},"content":{"rendered":"<section class=\"l-section wpb_row height_large\"><div class=\"l-section-h i-cf\"><div class=\"g-cols vc_row via_flex valign_top type_default stacking_default\"><div class=\"vc_col-sm-12 wpb_column vc_column_container\"><div class=\"vc_column-inner\"><div class=\"wpb_wrapper\"><div class=\"wpb_text_column\"><div class=\"wpb_wrapper\"><h3>T\u00e9rminos y Condiciones<\/h3>\n<p>Todos los usuarios de este sitio web aceptan que su acceso y uso se rige por los t\u00e9rminos y condiciones descritos a continuaci\u00f3n, as\u00ed como por la legislaci\u00f3n que se aplique en Chile, aceptando por lo tanto dichos t\u00e9rminos y condiciones y las consecuencias que estos pudieren implicar.<\/p>\n<p>Estos t\u00e9rminos y condiciones podr\u00e1n variar en cualquier momento, reflej\u00e1ndose dichos cambios peri\u00f3dicamente en la presente p\u00e1gina de T\u00e9rminos y Condiciones de nuestro sitio web.<\/p>\n<p>1.\u202fLos precios de los productos y servicios disponibles en este sitio, solo tendr\u00e1n vigencia y aplicaci\u00f3n en \u00e9ste y no ser\u00e1n aplicables a otros canales de venta utilizados por AvilaShop Spa, tales como tiendas f\u00edsicas, cat\u00e1logos u otros.<\/p>\n<p>2.\u202fToda operaci\u00f3n que se efect\u00fae en este sitio, ser\u00e1 objeto de confirmaci\u00f3n y\/o validaci\u00f3n o verificaci\u00f3n por parte de Avilashop Spa.<\/p>\n<p>3.\u202fToda compra de productos que se efect\u00fae a trav\u00e9s del sitio, estar\u00e1 sujeta a la condici\u00f3n expresada en el n\u00famero anterior y a que, los productos ofrecidos se encuentren disponibles efectivamente para la venta.<\/p>\n<p>4.\u202fLos productos adquiridos a trav\u00e9s del sitio se sujetar\u00e1n a las condiciones de despacho y entrega elegidas por el usuario y disponibles en el sitio. La informaci\u00f3n de env\u00edo es de exclusiva responsabilidad del usuario. Los plazos elegidos para el despacho y entrega, se cuentan desde que se valide la orden de compra y el medio de pago utilizado.<\/p>\n<p>5.\u202fLas condiciones para solicitar la devoluci\u00f3n o cambio de productos adquiridos en este sitio ser\u00e1n las que se expresan en \u00e9ste.<\/p>\n<p>6. Las ofertas que se efect\u00faen en este sitio, se sujetar\u00e1n en cuanto a su modalidad y condiciones, a las reglas fijadas en la p\u00e1gina de Ofertas de este sitio web.<\/p>\n<p>7. Avilashop SPA. y cualquiera de sus empresas filiales o coligadas, seg\u00fan corresponda, se reservan el derecho de modificar cualquier informaci\u00f3n contenida en este sitio, incluyendo las relacionadas con mercader\u00edas, servicios, precios, existencias y condiciones, en cualquier momento y sin previo aviso.<\/p>\n<p>8. Avilashop SPA no garantiza, avala ni respalda de ninguna forma el acceso, informaci\u00f3n o contenido de cualquier otro sitio web o portal en los casos que dicho acceso se efect\u00fae desde o hacia el sitio de Avilashop SPA., ya sea que dicho acceso se efect\u00fae mediante link, banner o mediante cualquier dispositivo disponible en la red. De esta manera, Avilashop SPA, carece de responsabilidad sobre la informaci\u00f3n proporcionada por otros sitios web y las consecuencias que de ello se deriven.<\/p>\n<p>&nbsp;<\/p>\n<h3>Despacho<\/h3>\n<p>\u2022 El despacho se realizar\u00e1 dentro de las siguientes 24 hrs h\u00e1biles de recepcionado y confirmado el pedido por Avilashop SPA.<\/p>\n<p>\u2022 Los Despachos ser\u00e1n de Lunes a Viernes durante el d\u00eda.<\/p>\n<p>\u2022 Los pedidos realizados el d\u00eda viernes antes de las 16:30 hrs ser\u00e1n entregados a m\u00e1s tardar el lunes siguiente.<\/p>\n<p>\u2022 Los pedidos realizados los d\u00edas S\u00e1bados y Domingos ser\u00e1n entregados en las siguientes 24 horas h\u00e1biles.<\/p>\n<\/div><\/div><\/div><\/div><\/div><\/div><\/div><\/section>\n","protected":false},"excerpt":{"rendered":"T\u00e9rminos y Condiciones Todos los usuarios de este sitio web aceptan que su acceso y uso se rige por los t\u00e9rminos y condiciones descritos a continuaci\u00f3n, as\u00ed como por la legislaci\u00f3n que se aplique en Chile, aceptando por lo tanto dichos t\u00e9rminos y condiciones y las consecuencias que estos pudieren implicar. Estos t\u00e9rminos y condiciones...","protected":false},"author":70,"featured_media":0,"parent":0,"menu_order":0,"comment_status":"closed","ping_status":"closed","template":"","meta":{"_joinchat":[],"footnotes":""},"class_list":["post-22672","page","type-page","status-publish","hentry"],"_links":{"self":[{"href":"https:\/\/sitioprueba3.starclick.cl\/index.php\/wp-json\/wp\/v2\/pages\/22672","targetHints":{"allow":["GET"]}}],"collection":[{"href":"https:\/\/sitioprueba3.starclick.cl\/index.php\/wp-json\/wp\/v2\/pages"}],"about":[{"href":"https:\/\/sitioprueba3.starclick.cl\/index.php\/wp-json\/wp\/v2\/types\/page"}],"author":[{"embeddable":true,"href":"https:\/\/sitioprueba3.starclick.cl\/index.php\/wp-json\/wp\/v2\/users\/70"}],"replies":[{"embeddable":true,"href":"https:\/\/sitioprueba3.starclick.cl\/index.php\/wp-json\/wp\/v2\/comments?post=22672"}],"version-history":[{"count":1,"href":"https:\/\/sitioprueba3.starclick.cl\/index.php\/wp-json\/wp\/v2\/pages\/22672\/revisions"}],"predecessor-version":[{"id":22673,"href":"https:\/\/sitioprueba3.starclick.cl\/index.php\/wp-json\/wp\/v2\/pages\/22672\/revisions\/22673"}],"wp:attachment":[{"href":"https:\/\/sitioprueba3.starclick.cl\/index.php\/wp-json\/wp\/v2\/media?parent=22672"}],"curies":[{"name":"wp","href":"https:\/\/api.w.org\/{rel}","templated":true}]}}