{"id":22767,"date":"2026-01-12T14:59:02","date_gmt":"2026-01-12T17:59:02","guid":{"rendered":"https:\/\/sitioprueba3.starclick.cl\/?page_id=22767"},"modified":"2026-01-12T15:59:29","modified_gmt":"2026-01-12T18:59:29","slug":"mantencion-preventiva-y-correctiva-de-bombas","status":"publish","type":"page","link":"https:\/\/sitioprueba3.starclick.cl\/index.php\/mantencion-preventiva-y-correctiva-de-bombas\/","title":{"rendered":"Mantenci\u00f3n Preventiva y Correctiva de Bombas"},"content":{"rendered":"<section class=\"l-section wpb_row us_custom_159085aa us_animate_this height_large\"><div class=\"l-section-h i-cf\"><div class=\"g-cols vc_row via_flex valign_top type_default stacking_default\"><div class=\"vc_col-sm-12 wpb_column vc_column_container\"><div class=\"vc_column-inner\"><div class=\"wpb_wrapper\"><div class=\"w-text us_custom_227fd816 has_text_color\"><span class=\"w-text-h\"><span class=\"w-text-value\">Descripci\u00f3n general<\/span><\/span><\/div><div class=\"w-separator size_small\"><\/div><div class=\"wpb_text_column\"><div class=\"wpb_wrapper\"><p>En HIDROKAM ofrecemos servicios de mantenci\u00f3n preventiva y correctiva de bombas hidr\u00e1ulicas, orientados a asegurar la continuidad operacional, optimizar el rendimiento de los equipos y prolongar su vida \u00fatil. Nuestro servicio est\u00e1 dirigido a sistemas de riego agr\u00edcola y procesos industriales.<\/p>\n<p>Contamos con personal t\u00e9cnico calificado y experiencia en terreno, lo que nos permite entregar soluciones eficientes y confiables, minimizando tiempos de detenci\u00f3n y costos por fallas imprevistas.<\/p>\n<\/div><\/div><\/div><\/div><\/div><\/div><\/div><\/section><section class=\"l-section wpb_row us_custom_fa52ee94 us_animate_this height_large\"><div class=\"l-section-h i-cf\"><div class=\"g-cols vc_row via_flex valign_top type_default stacking_default\"><div class=\"vc_col-sm-12 wpb_column vc_column_container\"><div class=\"vc_column-inner\"><div class=\"wpb_wrapper\"><div class=\"w-text us_custom_227fd816 has_text_color\"><span class=\"w-text-h\"><span class=\"w-text-value\">Mantenci\u00f3n Preventiva<\/span><\/span><\/div><div class=\"w-separator size_small\"><\/div><div class=\"wpb_text_column\"><div class=\"wpb_wrapper\"><p>La mantenci\u00f3n preventiva permite anticiparse a fallas, mejorar la eficiencia del sistema y reducir costos operacionales.<\/p>\n<\/div><\/div><div class=\"g-cols wpb_row via_flex valign_top type_default stacking_default\"><div class=\"vc_col-sm-6 wpb_column vc_column_container\"><div class=\"vc_column-inner\"><div class=\"wpb_wrapper\"><div class=\"wpb_text_column\"><div class=\"wpb_wrapper\"><p>Incluye:<br \/>\n\u25cf Inspecci\u00f3n general del estado de la bomba y componentes asociados<br \/>\n\u25cf Cambio de sellos mec\u00e1nicos, rodamientos y kit de orings\/empaquetaduras.<br \/>\n\u25cf Limpieza interna y externa del equipo<br \/>\n\u25cf Aplicaci\u00f3n de pintura anticorrosiva en piezas internas<br \/>\n\u25cf Aplicaci\u00f3n de barniz secado r\u00e1pido motor<br \/>\n\u25cf Aplicaci\u00f3n de pintura exterior con esmalte sint\u00e9tico secado r\u00e1pido<br \/>\n\u25cf Revisi\u00f3n de caudales, presi\u00f3n y funcionamiento hidr\u00e1ulico<br \/>\n\u25cf Informe t\u00e9cnico con recomendaciones<\/p>\n<\/div><\/div><\/div><\/div><\/div><div class=\"vc_col-sm-6 wpb_column vc_column_container\"><div class=\"vc_column-inner\"><div class=\"wpb_wrapper\"><div class=\"wpb_text_column\"><div class=\"wpb_wrapper\"><p>Beneficios:<br \/>\n\u25cf Mayor vida \u00fatil del equipo<br \/>\n\u25cf Reducci\u00f3n de paradas no programadas<br \/>\n\u25cf Optimizaci\u00f3n del consumo energ\u00e9tico<br \/>\n\u25cf Operaci\u00f3n m\u00e1s segura y eficiente<\/p>\n<\/div><\/div><\/div><\/div><\/div><\/div><\/div><\/div><\/div><\/div><\/div><\/section><section class=\"l-section wpb_row us_custom_fa52ee94 us_animate_this height_large\"><div class=\"l-section-h i-cf\"><div class=\"g-cols vc_row via_flex valign_top type_default stacking_default\"><div class=\"vc_col-sm-12 wpb_column vc_column_container\"><div class=\"vc_column-inner\"><div class=\"wpb_wrapper\"><div class=\"w-text us_custom_227fd816 has_text_color\"><span class=\"w-text-h\"><span class=\"w-text-value\">Mantenci\u00f3n Correctiva<\/span><\/span><\/div><div class=\"w-separator size_small\"><\/div><div class=\"wpb_text_column\"><div class=\"wpb_wrapper\"><p>La mantenci\u00f3n preventiva permite anticiparse a fallas, mejorar la eficiencia del sistema y reducir costos operacionales.<\/p>\n<\/div><\/div><div class=\"g-cols wpb_row via_flex valign_top type_default stacking_default\"><div class=\"vc_col-sm-6 wpb_column vc_column_container\"><div class=\"vc_column-inner\"><div class=\"wpb_wrapper\"><div class=\"wpb_text_column\"><div class=\"wpb_wrapper\"><p>Incluye:<br \/>\n\u25cf Diagn\u00f3stico t\u00e9cnico del problema<br \/>\n\u25cf Desarme y evaluaci\u00f3n de componentes<br \/>\n\u25cf Reparaci\u00f3n o reemplazo de piezas da\u00f1adas<br \/>\n\u25cf Pruebas de funcionamiento<br \/>\n\u25cf Puesta en marcha del equipo<\/p>\n<\/div><\/div><\/div><\/div><\/div><div class=\"vc_col-sm-6 wpb_column vc_column_container\"><div class=\"vc_column-inner\"><div class=\"wpb_wrapper\"><div class=\"wpb_text_column\"><div class=\"wpb_wrapper\"><p>Beneficios:<br \/>\n\u25cf Recuperaci\u00f3n r\u00e1pida del equipo<br \/>\n\u25cf Disminuci\u00f3n de p\u00e9rdidas operacionales<br \/>\n\u25cf Soluci\u00f3n t\u00e9cnica confiable y garantizada<\/p>\n<\/div><\/div><\/div><\/div><\/div><\/div><\/div><\/div><\/div><\/div><\/div><\/section><section class=\"l-section wpb_row us_custom_6c0ee9e8 us_animate_this height_large with_img\"><div class=\"l-section-img\" role=\"img\" data-img-width=\"450\" data-img-height=\"300\" style=\"background-image: url(https:\/\/sitioprueba3.starclick.cl\/wp-content\/uploads\/2025\/12\/banner-before-footer-generico.png);\"><\/div><div class=\"l-section-overlay\" style=\"background:linear-gradient(90deg,#000000,rgba(0,0,0,0.50))\"><\/div><div class=\"l-section-h i-cf\"><div class=\"g-cols vc_row via_flex valign_top type_default stacking_default\"><div class=\"vc_col-sm-8 wpb_column vc_column_container\"><div class=\"vc_column-inner\"><div class=\"wpb_wrapper\"><div class=\"w-text us_custom_a9a33d88 has_text_color\"><span class=\"w-text-h\"><span class=\"w-text-value\">\u00bfNecesitas mantenci\u00f3n para tus bombas hidr\u00e1ulicas?<\/span><\/span><\/div><div class=\"w-text us_custom_5d946ccb has_text_color\"><span class=\"w-text-h\"><span class=\"w-text-value\">Cont\u00e1ctanos y recibe una evaluaci\u00f3n t\u00e9cnica profesional.<\/span><\/span><\/div><\/div><\/div><\/div><div class=\"vc_col-sm-4 wpb_column vc_column_container\"><div class=\"vc_column-inner\"><div class=\"wpb_wrapper\"><div class=\"w-btn-wrapper align_none\"><a class=\"w-btn us-btn-style_2\" href=\"https:\/\/api.whatsapp.com\/send?phone=56999046487\"><span class=\"w-btn-label\">Solicitar servicio t\u00e9cnico<\/span><\/a><\/div><\/div><\/div><\/div><\/div><\/div><\/section>\n","protected":false},"excerpt":{"rendered":"Descripci\u00f3n generalEn HIDROKAM ofrecemos servicios de mantenci\u00f3n preventiva y correctiva de bombas hidr\u00e1ulicas, orientados a asegurar la continuidad operacional, optimizar el rendimiento de los equipos y prolongar su vida \u00fatil. Nuestro servicio est\u00e1 dirigido a sistemas de riego agr\u00edcola y procesos industriales. Contamos con personal t\u00e9cnico calificado y experiencia en terreno, lo que nos permite...","protected":false},"author":70,"featured_media":22771,"parent":0,"menu_order":0,"comment_status":"closed","ping_status":"closed","template":"","meta":{"_joinchat":[],"footnotes":""},"class_list":["post-22767","page","type-page","status-publish","has-post-thumbnail","hentry"],"_links":{"self":[{"href":"https:\/\/sitioprueba3.starclick.cl\/index.php\/wp-json\/wp\/v2\/pages\/22767","targetHints":{"allow":["GET"]}}],"collection":[{"href":"https:\/\/sitioprueba3.starclick.cl\/index.php\/wp-json\/wp\/v2\/pages"}],"about":[{"href":"https:\/\/sitioprueba3.starclick.cl\/index.php\/wp-json\/wp\/v2\/types\/page"}],"author":[{"embeddable":true,"href":"https:\/\/sitioprueba3.starclick.cl\/index.php\/wp-json\/wp\/v2\/users\/70"}],"replies":[{"embeddable":true,"href":"https:\/\/sitioprueba3.starclick.cl\/index.php\/wp-json\/wp\/v2\/comments?post=22767"}],"version-history":[{"count":17,"href":"https:\/\/sitioprueba3.starclick.cl\/index.php\/wp-json\/wp\/v2\/pages\/22767\/revisions"}],"predecessor-version":[{"id":22800,"href":"https:\/\/sitioprueba3.starclick.cl\/index.php\/wp-json\/wp\/v2\/pages\/22767\/revisions\/22800"}],"wp:featuredmedia":[{"embeddable":true,"href":"https:\/\/sitioprueba3.starclick.cl\/index.php\/wp-json\/wp\/v2\/media\/22771"}],"wp:attachment":[{"href":"https:\/\/sitioprueba3.starclick.cl\/index.php\/wp-json\/wp\/v2\/media?parent=22767"}],"curies":[{"name":"wp","href":"https:\/\/api.w.org\/{rel}","templated":true}]}}