{"id":22803,"date":"2026-01-12T18:17:40","date_gmt":"2026-01-12T21:17:40","guid":{"rendered":"https:\/\/sitioprueba3.starclick.cl\/?page_id=22803"},"modified":"2026-01-12T18:17:40","modified_gmt":"2026-01-12T21:17:40","slug":"mantencion-tableros-electricos","status":"publish","type":"page","link":"https:\/\/sitioprueba3.starclick.cl\/index.php\/mantencion-tableros-electricos\/","title":{"rendered":"Mantenci\u00f3n tableros el\u00e9ctricos"},"content":{"rendered":"<section class=\"l-section wpb_row us_custom_159085aa us_animate_this height_large\"><div class=\"l-section-h i-cf\"><div class=\"g-cols vc_row via_flex valign_top type_default stacking_default\"><div class=\"vc_col-sm-12 wpb_column vc_column_container\"><div class=\"vc_column-inner\"><div class=\"wpb_wrapper\"><div class=\"w-text us_custom_227fd816 has_text_color\"><span class=\"w-text-h\"><span class=\"w-text-value\">Descripci\u00f3n general<\/span><\/span><\/div><div class=\"w-separator size_small\"><\/div><div class=\"wpb_text_column\"><div class=\"wpb_wrapper\"><p>En HIDROKAM ofrecemos el servicio de mantenci\u00f3n de tableros el\u00e9ctricos, orientado a garantizar la operaci\u00f3n segura, continua y eficiente de sistemas el\u00e9ctricos en aplicaciones industriales, agr\u00edcolas y de riego. Una mantenci\u00f3n adecuada permite prevenir fallas, evitar detenciones no programadas y asegurar el correcto funcionamiento de motores, bombas y equipos asociados.<\/p>\n<p>Nuestro equipo t\u00e9cnico realiza inspecciones y trabajos bajo criterios t\u00e9cnicos y normativos, entregando soluciones confiables y adaptadas a cada instalaci\u00f3n.<\/p>\n<\/div><\/div><\/div><\/div><\/div><\/div><\/div><\/section><section class=\"l-section wpb_row us_custom_fa52ee94 us_animate_this height_large\"><div class=\"l-section-h i-cf\"><div class=\"g-cols vc_row via_flex valign_top type_default stacking_default\"><div class=\"vc_col-sm-12 wpb_column vc_column_container\"><div class=\"vc_column-inner\"><div class=\"wpb_wrapper\"><div class=\"w-text us_custom_227fd816 has_text_color\"><span class=\"w-text-h\"><span class=\"w-text-value\">Mantenci\u00f3n Preventiva de Tableros El\u00e9ctricos<\/span><\/span><\/div><div class=\"w-separator size_small\"><\/div><div class=\"wpb_text_column\"><div class=\"wpb_wrapper\"><p>La mantenci\u00f3n preventiva permite anticiparse a fallas el\u00e9ctricas y prolongar la vida \u00fatil de los componentes del tablero.<\/p>\n<\/div><\/div><div class=\"g-cols wpb_row via_flex valign_top type_default stacking_default\"><div class=\"vc_col-sm-6 wpb_column vc_column_container\"><div class=\"vc_column-inner\"><div class=\"wpb_wrapper\"><div class=\"wpb_text_column\"><div class=\"wpb_wrapper\"><p>Incluye:<br \/>\n\u25cf Inspecci\u00f3n general del tablero y sus componentes<br \/>\n\u25cf Limpieza interna y externa del gabinete<br \/>\n\u25cf Revisi\u00f3n y reapriete de conexiones el\u00e9ctricas<br \/>\n\u25cf Verificaci\u00f3n de protecciones el\u00e9ctricas (interruptores, contactores, rel\u00e9s)<br \/>\n\u25cf Revisi\u00f3n de estado de cables, canalizaciones y bornes<br \/>\n\u25cf Medici\u00f3n de par\u00e1metros el\u00e9ctricos b\u00e1sicos<br \/>\n\u25cf Informe t\u00e9cnico con observaciones y recomendaciones<\/p>\n<\/div><\/div><\/div><\/div><\/div><div class=\"vc_col-sm-6 wpb_column vc_column_container\"><div class=\"vc_column-inner\"><div class=\"wpb_wrapper\"><div class=\"wpb_text_column\"><div class=\"wpb_wrapper\"><p>Beneficios:<br \/>\n\u25cf Mayor seguridad el\u00e9ctrica<br \/>\n\u25cf Reducci\u00f3n de riesgos de fallas y cortocircuitos<br \/>\n\u25cf Operaci\u00f3n confiable de motores y bombas<br \/>\n\u25cf Cumplimiento de buenas pr\u00e1cticas el\u00e9ctricas<\/p>\n<\/div><\/div><\/div><\/div><\/div><\/div><\/div><\/div><\/div><\/div><\/div><\/section><section class=\"l-section wpb_row us_custom_fa52ee94 us_animate_this height_large\"><div class=\"l-section-h i-cf\"><div class=\"g-cols vc_row via_flex valign_top type_default stacking_default\"><div class=\"vc_col-sm-12 wpb_column vc_column_container\"><div class=\"vc_column-inner\"><div class=\"wpb_wrapper\"><div class=\"w-text us_custom_227fd816 has_text_color\"><span class=\"w-text-h\"><span class=\"w-text-value\">Mantenci\u00f3n Correctiva de Tableros El\u00e9ctricos<\/span><\/span><\/div><div class=\"w-separator size_small\"><\/div><div class=\"wpb_text_column\"><div class=\"wpb_wrapper\"><p>El bobinado se realiza cuando el motor presenta fallas el\u00e9ctricas o da\u00f1o en las bobinas, permitiendo recuperar su funcionamiento original.<\/p>\n<\/div><\/div><div class=\"g-cols wpb_row via_flex valign_top type_default stacking_default\"><div class=\"vc_col-sm-6 wpb_column vc_column_container\"><div class=\"vc_column-inner\"><div class=\"wpb_wrapper\"><div class=\"wpb_text_column\"><div class=\"wpb_wrapper\"><p>Incluye:<br \/>\n\u25cf Diagn\u00f3stico t\u00e9cnico de la falla<br \/>\n\u25cf Reparaci\u00f3n o reemplazo de componentes defectuosos<br \/>\n\u25cf Correcci\u00f3n de conexiones y ajustes el\u00e9ctricos<br \/>\n\u25cf Pruebas de funcionamiento del sistema<br \/>\n\u25cf Puesta en marcha del tablero<\/p>\n<\/div><\/div><\/div><\/div><\/div><div class=\"vc_col-sm-6 wpb_column vc_column_container\"><div class=\"vc_column-inner\"><div class=\"wpb_wrapper\"><div class=\"wpb_text_column\"><div class=\"wpb_wrapper\"><p>Beneficios:<br \/>\n\u25cf Recuperaci\u00f3n del rendimiento original del motor<br \/>\n\u25cf Alternativa eficiente frente a la compra de un motor nuevo<br \/>\n\u25cf Trabajo con est\u00e1ndares t\u00e9cnicos y control de calidad<\/p>\n<\/div><\/div><\/div><\/div><\/div><\/div><\/div><\/div><\/div><\/div><\/div><\/section><section class=\"l-section wpb_row us_custom_6c0ee9e8 us_animate_this height_large with_img\"><div class=\"l-section-img\" role=\"img\" data-img-width=\"450\" data-img-height=\"300\" style=\"background-image: url(https:\/\/sitioprueba3.starclick.cl\/wp-content\/uploads\/2025\/12\/banner-before-footer-generico.png);\"><\/div><div class=\"l-section-overlay\" style=\"background:linear-gradient(90deg,#000000,rgba(0,0,0,0.50))\"><\/div><div class=\"l-section-h i-cf\"><div class=\"g-cols vc_row via_flex valign_top type_default stacking_default\"><div class=\"vc_col-sm-8 wpb_column vc_column_container\"><div class=\"vc_column-inner\"><div class=\"wpb_wrapper\"><div class=\"w-text us_custom_a9a33d88 has_text_color\"><span class=\"w-text-h\"><span class=\"w-text-value\">\u00bfTu tablero el\u00e9ctrico requiere mantenci\u00f3n o presenta fallas?<\/span><\/span><\/div><div class=\"w-text us_custom_5d946ccb has_text_color\"><span class=\"w-text-h\"><span class=\"w-text-value\">Cont\u00e1ctanos y recibe una evaluaci\u00f3n t\u00e9cnica profesional.<\/span><\/span><\/div><\/div><\/div><\/div><div class=\"vc_col-sm-4 wpb_column vc_column_container\"><div class=\"vc_column-inner\"><div class=\"wpb_wrapper\"><div class=\"w-btn-wrapper align_none\"><a class=\"w-btn us-btn-style_2\" href=\"https:\/\/api.whatsapp.com\/send?phone=56999046487\"><span class=\"w-btn-label\">Solicitar servicio t\u00e9cnico<\/span><\/a><\/div><\/div><\/div><\/div><\/div><\/div><\/section>\n","protected":false},"excerpt":{"rendered":"Descripci\u00f3n generalEn HIDROKAM ofrecemos el servicio de mantenci\u00f3n de tableros el\u00e9ctricos, orientado a garantizar la operaci\u00f3n segura, continua y eficiente de sistemas el\u00e9ctricos en aplicaciones industriales, agr\u00edcolas y de riego. Una mantenci\u00f3n adecuada permite prevenir fallas, evitar detenciones no programadas y asegurar el correcto funcionamiento de motores, bombas y equipos asociados. Nuestro equipo t\u00e9cnico realiza...","protected":false},"author":70,"featured_media":22771,"parent":0,"menu_order":0,"comment_status":"closed","ping_status":"closed","template":"","meta":{"_joinchat":[],"footnotes":""},"class_list":["post-22803","page","type-page","status-publish","has-post-thumbnail","hentry"],"_links":{"self":[{"href":"https:\/\/sitioprueba3.starclick.cl\/index.php\/wp-json\/wp\/v2\/pages\/22803","targetHints":{"allow":["GET"]}}],"collection":[{"href":"https:\/\/sitioprueba3.starclick.cl\/index.php\/wp-json\/wp\/v2\/pages"}],"about":[{"href":"https:\/\/sitioprueba3.starclick.cl\/index.php\/wp-json\/wp\/v2\/types\/page"}],"author":[{"embeddable":true,"href":"https:\/\/sitioprueba3.starclick.cl\/index.php\/wp-json\/wp\/v2\/users\/70"}],"replies":[{"embeddable":true,"href":"https:\/\/sitioprueba3.starclick.cl\/index.php\/wp-json\/wp\/v2\/comments?post=22803"}],"version-history":[{"count":2,"href":"https:\/\/sitioprueba3.starclick.cl\/index.php\/wp-json\/wp\/v2\/pages\/22803\/revisions"}],"predecessor-version":[{"id":22805,"href":"https:\/\/sitioprueba3.starclick.cl\/index.php\/wp-json\/wp\/v2\/pages\/22803\/revisions\/22805"}],"wp:featuredmedia":[{"embeddable":true,"href":"https:\/\/sitioprueba3.starclick.cl\/index.php\/wp-json\/wp\/v2\/media\/22771"}],"wp:attachment":[{"href":"https:\/\/sitioprueba3.starclick.cl\/index.php\/wp-json\/wp\/v2\/media?parent=22803"}],"curies":[{"name":"wp","href":"https:\/\/api.w.org\/{rel}","templated":true}]}}