{"id":22806,"date":"2026-01-12T18:21:13","date_gmt":"2026-01-12T21:21:13","guid":{"rendered":"https:\/\/sitioprueba3.starclick.cl\/?page_id=22806"},"modified":"2026-01-12T18:21:13","modified_gmt":"2026-01-12T21:21:13","slug":"instalacion-hdpe-por-electrofusion","status":"publish","type":"page","link":"https:\/\/sitioprueba3.starclick.cl\/index.php\/instalacion-hdpe-por-electrofusion\/","title":{"rendered":"Instalaci\u00f3n HDPE por Electrofusi\u00f3n"},"content":{"rendered":"<section class=\"l-section wpb_row us_custom_159085aa us_animate_this height_large\"><div class=\"l-section-h i-cf\"><div class=\"g-cols vc_row via_flex valign_top type_default stacking_default\"><div class=\"vc_col-sm-12 wpb_column vc_column_container\"><div class=\"vc_column-inner\"><div class=\"wpb_wrapper\"><div class=\"w-text us_custom_227fd816 has_text_color\"><span class=\"w-text-h\"><span class=\"w-text-value\">Descripci\u00f3n general<\/span><\/span><\/div><div class=\"w-separator size_small\"><\/div><div class=\"wpb_text_column\"><div class=\"wpb_wrapper\"><p>En HIDROKAM ofrecemos el servicio de mantenci\u00f3n de tableros el\u00e9ctricos, orientado a garantizar la operaci\u00f3n segura, continua y eficiente de sistemas el\u00e9ctricos en aplicaciones industriales, agr\u00edcolas y de riego. Una mantenci\u00f3n adecuada permite prevenir fallas, evitar detenciones no programadas y asegurar el correcto funcionamiento de motores, bombas y equipos asociados.<\/p>\n<p>Nuestro equipo t\u00e9cnico realiza inspecciones y trabajos bajo criterios t\u00e9cnicos y normativos, entregando soluciones confiables y adaptadas a cada instalaci\u00f3n.<\/p>\n<\/div><\/div><\/div><\/div><\/div><\/div><\/div><\/section><section class=\"l-section wpb_row us_custom_fa52ee94 us_animate_this height_large\"><div class=\"l-section-h i-cf\"><div class=\"g-cols vc_row via_flex valign_top type_default stacking_default\"><div class=\"vc_col-sm-12 wpb_column vc_column_container\"><div class=\"vc_column-inner\"><div class=\"wpb_wrapper\"><div class=\"w-text us_custom_227fd816 has_text_color\"><span class=\"w-text-h\"><span class=\"w-text-value\">\u00bfQu\u00e9 es la electrofusi\u00f3n HDPE?<\/span><\/span><\/div><div class=\"w-separator size_small\"><\/div><div class=\"wpb_text_column\"><div class=\"wpb_wrapper\"><p>La mantenci\u00f3n preventiva permite anticiparse a fallas el\u00e9ctricas y prolongar la vida \u00fatil de los componentes del tablero.<\/p>\n<\/div><\/div><div class=\"g-cols wpb_row via_flex valign_top type_default stacking_default\"><div class=\"vc_col-sm-6 wpb_column vc_column_container\"><div class=\"vc_column-inner\"><div class=\"wpb_wrapper\"><div class=\"wpb_text_column\"><div class=\"wpb_wrapper\"><p>Servicios Incluidos:<br \/>\n\u25cf Instalaci\u00f3n de tuber\u00edas HDPE por electrofusi\u00f3n<br \/>\n\u25cf Preparaci\u00f3n y alineaci\u00f3n de tuber\u00edas<br \/>\n\u25cf Uso de equipos certificados de electrofusi\u00f3n<br \/>\n\u25cf Instalaci\u00f3n seg\u00fan planos y especificaciones t\u00e9cnicas<br \/>\n\u25cf Pruebas de estanqueidad y funcionamiento<br \/>\n\u25cf Puesta en marcha del sistema<\/p>\n<\/div><\/div><\/div><\/div><\/div><div class=\"vc_col-sm-6 wpb_column vc_column_container\"><div class=\"vc_column-inner\"><div class=\"wpb_wrapper\"><div class=\"wpb_text_column\"><div class=\"wpb_wrapper\"><p>Beneficios de la electrofusi\u00f3n:<br \/>\n\u25cf Uniones 100 % herm\u00e9ticas<br \/>\n\u25cf Alta resistencia mec\u00e1nica y qu\u00edmica<br \/>\n\u25cf Larga vida \u00fatil del sistema<br \/>\n\u25cf Reducci\u00f3n de filtraciones y p\u00e9rdidas<br \/>\n\u25cf Bajo mantenimiento<br \/>\n\u25cf Cumplimiento de normativas t\u00e9cnicas<\/p>\n<\/div><\/div><\/div><\/div><\/div><\/div><\/div><\/div><\/div><\/div><\/div><\/section><section class=\"l-section wpb_row us_custom_6c0ee9e8 us_animate_this height_large with_img\"><div class=\"l-section-img\" role=\"img\" data-img-width=\"450\" data-img-height=\"300\" style=\"background-image: url(https:\/\/sitioprueba3.starclick.cl\/wp-content\/uploads\/2025\/12\/banner-before-footer-generico.png);\"><\/div><div class=\"l-section-overlay\" style=\"background:linear-gradient(90deg,#000000,rgba(0,0,0,0.50))\"><\/div><div class=\"l-section-h i-cf\"><div class=\"g-cols vc_row via_flex valign_top type_default stacking_default\"><div class=\"vc_col-sm-8 wpb_column vc_column_container\"><div class=\"vc_column-inner\"><div class=\"wpb_wrapper\"><h1 class=\"w-text us_custom_a9a33d88 has_text_color\"><span class=\"w-text-h\"><span class=\"w-text-value\">\u00bfNecesitas instalar tuber\u00edas HDPE por electrofusi\u00f3n?<\/span><\/span><\/h1><div class=\"w-text us_custom_5d946ccb has_text_color\"><span class=\"w-text-h\"><span class=\"w-text-value\">Cont\u00e1ctanos y recibe una evaluaci\u00f3n t\u00e9cnica profesional.<\/span><\/span><\/div><\/div><\/div><\/div><div class=\"vc_col-sm-4 wpb_column vc_column_container\"><div class=\"vc_column-inner\"><div class=\"wpb_wrapper\"><div class=\"w-btn-wrapper align_none\"><a class=\"w-btn us-btn-style_2\" href=\"https:\/\/api.whatsapp.com\/send?phone=56999046487\"><span class=\"w-btn-label\">Solicitar servicio t\u00e9cnico<\/span><\/a><\/div><\/div><\/div><\/div><\/div><\/div><\/section>\n","protected":false},"excerpt":{"rendered":"Descripci\u00f3n generalEn HIDROKAM ofrecemos el servicio de mantenci\u00f3n de tableros el\u00e9ctricos, orientado a garantizar la operaci\u00f3n segura, continua y eficiente de sistemas el\u00e9ctricos en aplicaciones industriales, agr\u00edcolas y de riego. Una mantenci\u00f3n adecuada permite prevenir fallas, evitar detenciones no programadas y asegurar el correcto funcionamiento de motores, bombas y equipos asociados. Nuestro equipo t\u00e9cnico realiza...","protected":false},"author":70,"featured_media":22771,"parent":0,"menu_order":0,"comment_status":"closed","ping_status":"closed","template":"","meta":{"_joinchat":[],"footnotes":""},"class_list":["post-22806","page","type-page","status-publish","has-post-thumbnail","hentry"],"_links":{"self":[{"href":"https:\/\/sitioprueba3.starclick.cl\/index.php\/wp-json\/wp\/v2\/pages\/22806","targetHints":{"allow":["GET"]}}],"collection":[{"href":"https:\/\/sitioprueba3.starclick.cl\/index.php\/wp-json\/wp\/v2\/pages"}],"about":[{"href":"https:\/\/sitioprueba3.starclick.cl\/index.php\/wp-json\/wp\/v2\/types\/page"}],"author":[{"embeddable":true,"href":"https:\/\/sitioprueba3.starclick.cl\/index.php\/wp-json\/wp\/v2\/users\/70"}],"replies":[{"embeddable":true,"href":"https:\/\/sitioprueba3.starclick.cl\/index.php\/wp-json\/wp\/v2\/comments?post=22806"}],"version-history":[{"count":2,"href":"https:\/\/sitioprueba3.starclick.cl\/index.php\/wp-json\/wp\/v2\/pages\/22806\/revisions"}],"predecessor-version":[{"id":22808,"href":"https:\/\/sitioprueba3.starclick.cl\/index.php\/wp-json\/wp\/v2\/pages\/22806\/revisions\/22808"}],"wp:featuredmedia":[{"embeddable":true,"href":"https:\/\/sitioprueba3.starclick.cl\/index.php\/wp-json\/wp\/v2\/media\/22771"}],"wp:attachment":[{"href":"https:\/\/sitioprueba3.starclick.cl\/index.php\/wp-json\/wp\/v2\/media?parent=22806"}],"curies":[{"name":"wp","href":"https:\/\/api.w.org\/{rel}","templated":true}]}}