{"id":22809,"date":"2026-01-12T18:25:03","date_gmt":"2026-01-12T21:25:03","guid":{"rendered":"https:\/\/sitioprueba3.starclick.cl\/?page_id=22809"},"modified":"2026-01-12T18:25:03","modified_gmt":"2026-01-12T21:25:03","slug":"torneado-y-fresado-de-piezas-mecanicas","status":"publish","type":"page","link":"https:\/\/sitioprueba3.starclick.cl\/index.php\/torneado-y-fresado-de-piezas-mecanicas\/","title":{"rendered":"Torneado y Fresado de Piezas Mec\u00e1nicas"},"content":{"rendered":"<section class=\"l-section wpb_row us_custom_159085aa us_animate_this height_large\"><div class=\"l-section-h i-cf\"><div class=\"g-cols vc_row via_flex valign_top type_default stacking_default\"><div class=\"vc_col-sm-12 wpb_column vc_column_container\"><div class=\"vc_column-inner\"><div class=\"wpb_wrapper\"><div class=\"w-text us_custom_227fd816 has_text_color\"><span class=\"w-text-h\"><span class=\"w-text-value\">Descripci\u00f3n general<\/span><\/span><\/div><div class=\"w-separator size_small\"><\/div><div class=\"wpb_text_column\"><div class=\"wpb_wrapper\"><p>En HIDROKAM ofrecemos el servicio de mantenci\u00f3n de tableros el\u00e9ctricos, orientado a garantizar la operaci\u00f3n segura, continua y eficiente de sistemas el\u00e9ctricos en aplicaciones industriales, agr\u00edcolas y de riego. Una mantenci\u00f3n adecuada permite prevenir fallas, evitar detenciones no programadas y asegurar el correcto funcionamiento de motores, bombas y equipos asociados.<\/p>\n<p>Nuestro equipo t\u00e9cnico realiza inspecciones y trabajos bajo criterios t\u00e9cnicos y normativos, entregando soluciones confiables y adaptadas a cada instalaci\u00f3n.<\/p>\n<\/div><\/div><\/div><\/div><\/div><\/div><\/div><\/section><section class=\"l-section wpb_row us_custom_fa52ee94 us_animate_this height_large\"><div class=\"l-section-h i-cf\"><div class=\"g-cols vc_row via_flex valign_top type_default stacking_default\"><div class=\"vc_col-sm-12 wpb_column vc_column_container\"><div class=\"vc_column-inner\"><div class=\"wpb_wrapper\"><div class=\"w-text us_custom_227fd816 has_text_color\"><span class=\"w-text-h\"><span class=\"w-text-value\">Servicio de Torneado<\/span><\/span><\/div><div class=\"w-separator size_small\"><\/div><div class=\"wpb_text_column\"><div class=\"wpb_wrapper\"><p>El torneado permite mecanizar piezas cil\u00edndricas y componentes rotativos con altos niveles de precisi\u00f3n.<\/p>\n<\/div><\/div><div class=\"g-cols wpb_row via_flex valign_top type_default stacking_default\"><div class=\"vc_col-sm-6 wpb_column vc_column_container\"><div class=\"vc_column-inner\"><div class=\"wpb_wrapper\"><div class=\"wpb_text_column\"><div class=\"wpb_wrapper\"><p>Incluye:<br \/>\n\u25cf Fabricaci\u00f3n y reparaci\u00f3n de ejes, bujes y pernos<br \/>\n\u25cf Recuperaci\u00f3n de piezas desgastadas<br \/>\n\u25cf Mecanizado seg\u00fan plano o muestra<br \/>\n\u25cf Ajustes dimensionales y tolerancias controladas<br \/>\n\u25cf Terminaciones seg\u00fan requerimiento<\/p>\n<\/div><\/div><\/div><\/div><\/div><div class=\"vc_col-sm-6 wpb_column vc_column_container\"><div class=\"vc_column-inner\"><div class=\"wpb_wrapper\"><div class=\"wpb_text_column\"><div class=\"wpb_wrapper\"><p>Beneficios:<br \/>\n\u25cf Piezas ajustadas a especificaciones t\u00e9cnicas<br \/>\n\u25cf Recuperaci\u00f3n de componentes sin necesidad de reemplazo total<br \/>\n\u25cf Mayor vida \u00fatil de los equipos<\/p>\n<\/div><\/div><\/div><\/div><\/div><\/div><\/div><\/div><\/div><\/div><\/div><\/section><section class=\"l-section wpb_row us_custom_fa52ee94 us_animate_this height_large\"><div class=\"l-section-h i-cf\"><div class=\"g-cols vc_row via_flex valign_top type_default stacking_default\"><div class=\"vc_col-sm-12 wpb_column vc_column_container\"><div class=\"vc_column-inner\"><div class=\"wpb_wrapper\"><div class=\"w-text us_custom_227fd816 has_text_color\"><span class=\"w-text-h\"><span class=\"w-text-value\">Servicio de Fresado<\/span><\/span><\/div><div class=\"w-separator size_small\"><\/div><div class=\"wpb_text_column\"><div class=\"wpb_wrapper\"><p>La mantenci\u00f3n preventiva permite anticiparse a fallas el\u00e9ctricas y prolongar la vida \u00fatil de los componentes del tablero.<\/p>\n<\/div><\/div><div class=\"g-cols wpb_row via_flex valign_top type_default stacking_default\"><div class=\"vc_col-sm-6 wpb_column vc_column_container\"><div class=\"vc_column-inner\"><div class=\"wpb_wrapper\"><div class=\"wpb_text_column\"><div class=\"wpb_wrapper\"><p>Incluye:<br \/>\n\u25cf Mecanizado de superficies planas y ranuradas<br \/>\n\u25cf Fabricaci\u00f3n de piezas especiales<br \/>\n\u25cf Ajustes y modificaciones de componentes existentes<br \/>\n\u25cf Trabajo seg\u00fan plano o muestra<br \/>\n\u25cf Control dimensional y verificaci\u00f3n de medidas<\/p>\n<\/div><\/div><\/div><\/div><\/div><div class=\"vc_col-sm-6 wpb_column vc_column_container\"><div class=\"vc_column-inner\"><div class=\"wpb_wrapper\"><div class=\"wpb_text_column\"><div class=\"wpb_wrapper\"><p>Beneficios:<br \/>\n\u25cf Alta precisi\u00f3n en piezas mec\u00e1nicas<br \/>\n\u25cf Adaptaci\u00f3n a requerimientos espec\u00edficos<br \/>\n\u25cf Soluciones a medida para equipos industriales y agr\u00edcolas<\/p>\n<\/div><\/div><\/div><\/div><\/div><\/div><\/div><\/div><\/div><\/div><\/div><\/section><section class=\"l-section wpb_row us_custom_6c0ee9e8 us_animate_this height_large with_img\"><div class=\"l-section-img\" role=\"img\" data-img-width=\"450\" data-img-height=\"300\" style=\"background-image: url(https:\/\/sitioprueba3.starclick.cl\/wp-content\/uploads\/2025\/12\/banner-before-footer-generico.png);\"><\/div><div class=\"l-section-overlay\" style=\"background:linear-gradient(90deg,#000000,rgba(0,0,0,0.50))\"><\/div><div class=\"l-section-h i-cf\"><div class=\"g-cols vc_row via_flex valign_top type_default stacking_default\"><div class=\"vc_col-sm-8 wpb_column vc_column_container\"><div class=\"vc_column-inner\"><div class=\"wpb_wrapper\"><h1 class=\"w-text us_custom_a9a33d88 has_text_color\"><span class=\"w-text-h\"><span class=\"w-text-value\">\u00bfNecesitas fabricar o reparar una pieza mec\u00e1nica?<\/span><\/span><\/h1><div class=\"w-text us_custom_5d946ccb has_text_color\"><span class=\"w-text-h\"><span class=\"w-text-value\">Cont\u00e1ctanos y recibe una evaluaci\u00f3n t\u00e9cnica profesional.<\/span><\/span><\/div><\/div><\/div><\/div><div class=\"vc_col-sm-4 wpb_column vc_column_container\"><div class=\"vc_column-inner\"><div class=\"wpb_wrapper\"><div class=\"w-btn-wrapper align_none\"><a class=\"w-btn us-btn-style_2\" href=\"https:\/\/api.whatsapp.com\/send?phone=56999046487\"><span class=\"w-btn-label\">Solicitar servicio t\u00e9cnico<\/span><\/a><\/div><\/div><\/div><\/div><\/div><\/div><\/section>\n","protected":false},"excerpt":{"rendered":"Descripci\u00f3n generalEn HIDROKAM ofrecemos el servicio de mantenci\u00f3n de tableros el\u00e9ctricos, orientado a garantizar la operaci\u00f3n segura, continua y eficiente de sistemas el\u00e9ctricos en aplicaciones industriales, agr\u00edcolas y de riego. Una mantenci\u00f3n adecuada permite prevenir fallas, evitar detenciones no programadas y asegurar el correcto funcionamiento de motores, bombas y equipos asociados. Nuestro equipo t\u00e9cnico realiza...","protected":false},"author":70,"featured_media":22771,"parent":0,"menu_order":0,"comment_status":"closed","ping_status":"closed","template":"","meta":{"_joinchat":[],"footnotes":""},"class_list":["post-22809","page","type-page","status-publish","has-post-thumbnail","hentry"],"_links":{"self":[{"href":"https:\/\/sitioprueba3.starclick.cl\/index.php\/wp-json\/wp\/v2\/pages\/22809","targetHints":{"allow":["GET"]}}],"collection":[{"href":"https:\/\/sitioprueba3.starclick.cl\/index.php\/wp-json\/wp\/v2\/pages"}],"about":[{"href":"https:\/\/sitioprueba3.starclick.cl\/index.php\/wp-json\/wp\/v2\/types\/page"}],"author":[{"embeddable":true,"href":"https:\/\/sitioprueba3.starclick.cl\/index.php\/wp-json\/wp\/v2\/users\/70"}],"replies":[{"embeddable":true,"href":"https:\/\/sitioprueba3.starclick.cl\/index.php\/wp-json\/wp\/v2\/comments?post=22809"}],"version-history":[{"count":1,"href":"https:\/\/sitioprueba3.starclick.cl\/index.php\/wp-json\/wp\/v2\/pages\/22809\/revisions"}],"predecessor-version":[{"id":22810,"href":"https:\/\/sitioprueba3.starclick.cl\/index.php\/wp-json\/wp\/v2\/pages\/22809\/revisions\/22810"}],"wp:featuredmedia":[{"embeddable":true,"href":"https:\/\/sitioprueba3.starclick.cl\/index.php\/wp-json\/wp\/v2\/media\/22771"}],"wp:attachment":[{"href":"https:\/\/sitioprueba3.starclick.cl\/index.php\/wp-json\/wp\/v2\/media?parent=22809"}],"curies":[{"name":"wp","href":"https:\/\/api.w.org\/{rel}","templated":true}]}}