{"id":22625,"date":"2025-12-10T17:19:49","date_gmt":"2025-12-10T20:19:49","guid":{"rendered":"https:\/\/sitioprueba3.starclick.cl\/?post_type=product&#038;p=22625"},"modified":"2025-12-10T17:20:00","modified_gmt":"2025-12-10T20:20:00","slug":"electrobomba-pedrollo-cpm-150-1hp-220v","status":"publish","type":"product","link":"https:\/\/sitioprueba3.starclick.cl\/index.php\/producto\/electrobomba-pedrollo-cpm-150-1hp-220v\/","title":{"rendered":"ELECTROBOMBA PEDROLLO CPM 150 1HP 220V"},"content":{"rendered":"<section class=\"l-section wpb_row us_custom_f8b9c3e0 height_large\"><div class=\"l-section-h i-cf\"><div class=\"g-cols vc_row via_flex valign_top type_default stacking_default\"><div class=\"vc_col-sm-12 wpb_column vc_column_container\"><div class=\"vc_column-inner\"><div class=\"wpb_wrapper\"><div class=\"w-tabs us_custom_3188818e layout_hor style_radio3 switch_click has_scrolling\" style=\"--sections-title-size:1em\"><div class=\"w-tabs-list items_2 align_none\"><div class=\"w-tabs-list-h\"><button class=\"w-tabs-item active\" aria-controls=\"content-a8ec\" aria-expanded=\"false\"><span class=\"w-tabs-item-title\">Descripci\u00f3n<\/span><\/button><button class=\"w-tabs-item\" aria-controls=\"content-edfd\" aria-expanded=\"false\"><span class=\"w-tabs-item-title\">Ficha T\u00e9cnica<\/span><\/button><\/div><\/div><div class=\"w-tabs-sections titles-align_none icon_chevron cpos_right\"><div class=\"w-tabs-section active\" id=\"a8ec\"><button class=\"w-tabs-section-header active\" aria-controls=\"content-a8ec\" aria-expanded=\"true\"><div class=\"w-tabs-section-title\">Descripci\u00f3n<\/div><div class=\"w-tabs-section-control\"><\/div><\/button><div  class=\"w-tabs-section-content\" id=\"content-a8ec\"><div class=\"w-tabs-section-content-h i-cf\"><div class=\"wpb_text_column\"><div class=\"wpb_wrapper\"><ul>\n<li style=\"list-style-type: none;\">\n<ul>\n<li aria-level=\"1\">Amp: 5.7<\/li>\n<li aria-level=\"1\">Certificaci\u00f3n: Curvas certificadas ISO 9906<\/li>\n<li aria-level=\"1\">Diametro: 1\u2019x1\u2032<\/li>\n<li aria-level=\"1\">Eficiencia energ\u00e9tica: S\u00cd<\/li>\n<li aria-level=\"1\">Garant\u00eda Producto: 2 a\u00f1os<\/li>\n<li aria-level=\"1\">HP: 1<\/li>\n<li aria-level=\"1\">Modelo \/ Descripci\u00f3n: CPm 150<\/li>\n<li aria-level=\"1\">Voltaje: 220V<\/li>\n<\/ul>\n<\/li>\n<\/ul>\n<\/div><\/div><\/div><\/div><\/div><div class=\"w-tabs-section\" id=\"edfd\"><button class=\"w-tabs-section-header\" aria-controls=\"content-edfd\" aria-expanded=\"false\"><div class=\"w-tabs-section-title\">Ficha T\u00e9cnica<\/div><div class=\"w-tabs-section-control\"><\/div><\/button><div  class=\"w-tabs-section-content\" id=\"content-edfd\"><div class=\"w-tabs-section-content-h i-cf\"><div class=\"w-btn-wrapper align_none\"><a class=\"w-btn us-btn-style_1 icon_atleft\" target=\"_blank\" href=\"\/wp-content\/uploads\/2025\/12\/ficha-tecnica-1_03012020092742.pdf\"><i class=\"fas fa-file-pdf\"><\/i><span class=\"w-btn-label\">DESCARGAR<\/span><\/a><\/div><\/div><\/div><\/div><\/div><\/div><\/div><\/div><\/div><\/div><\/div><\/section>\n","protected":false},"excerpt":{"rendered":"<p>Recomendada para bombear agua limpia, sin part\u00edculas abrasivas y l\u00edquidos quimicamente no agresivos con los materiales que constituyen la bomba.<\/p>\n<p>Por su confiabilidad y simplicidad encuentran un amplio uso en el sector dom\u00e9stico y civil, particularmente para la distribuci\u00f3n del agua acopladas a peque\u00f1os o medianos tanques autoclaves, para el vaciado o para la irrigaci\u00f3n de huertos o jardines.<\/p>\n<p>La instalaci\u00f3n se debe realizar en lugares cerrados o protegidos de la intemperie.<\/p>\n","protected":false},"featured_media":22626,"comment_status":"open","ping_status":"closed","template":"","meta":{"_joinchat":[]},"product_brand":[],"product_cat":[3450,15],"product_tag":[],"class_list":{"0":"post-22625","1":"product","2":"type-product","3":"status-publish","4":"has-post-thumbnail","6":"product_cat-centrifugas","7":"product_cat-bombas-de-agua","9":"first","10":"instock","11":"purchasable","12":"product-type-simple"},"_links":{"self":[{"href":"https:\/\/sitioprueba3.starclick.cl\/index.php\/wp-json\/wp\/v2\/product\/22625","targetHints":{"allow":["GET"]}}],"collection":[{"href":"https:\/\/sitioprueba3.starclick.cl\/index.php\/wp-json\/wp\/v2\/product"}],"about":[{"href":"https:\/\/sitioprueba3.starclick.cl\/index.php\/wp-json\/wp\/v2\/types\/product"}],"replies":[{"embeddable":true,"href":"https:\/\/sitioprueba3.starclick.cl\/index.php\/wp-json\/wp\/v2\/comments?post=22625"}],"wp:featuredmedia":[{"embeddable":true,"href":"https:\/\/sitioprueba3.starclick.cl\/index.php\/wp-json\/wp\/v2\/media\/22626"}],"wp:attachment":[{"href":"https:\/\/sitioprueba3.starclick.cl\/index.php\/wp-json\/wp\/v2\/media?parent=22625"}],"wp:term":[{"taxonomy":"product_brand","embeddable":true,"href":"https:\/\/sitioprueba3.starclick.cl\/index.php\/wp-json\/wp\/v2\/product_brand?post=22625"},{"taxonomy":"product_cat","embeddable":true,"href":"https:\/\/sitioprueba3.starclick.cl\/index.php\/wp-json\/wp\/v2\/product_cat?post=22625"},{"taxonomy":"product_tag","embeddable":true,"href":"https:\/\/sitioprueba3.starclick.cl\/index.php\/wp-json\/wp\/v2\/product_tag?post=22625"}],"curies":[{"name":"wp","href":"https:\/\/api.w.org\/{rel}","templated":true}]}}