{"id":22631,"date":"2025-12-10T17:37:59","date_gmt":"2025-12-10T20:37:59","guid":{"rendered":"https:\/\/sitioprueba3.starclick.cl\/?post_type=product&#038;p=22631"},"modified":"2025-12-10T17:38:23","modified_gmt":"2025-12-10T20:38:23","slug":"e-5-acoplamiento-flexible-omega-rexnord-elemento","status":"publish","type":"product","link":"https:\/\/sitioprueba3.starclick.cl\/index.php\/producto\/e-5-acoplamiento-flexible-omega-rexnord-elemento\/","title":{"rendered":"E-5 Acoplamiento Flexible Omega Rexnord Elemento"},"content":{"rendered":"<section class=\"l-section wpb_row us_custom_f8b9c3e0 height_large\"><div class=\"l-section-h i-cf\"><div class=\"g-cols vc_row via_flex valign_top type_default stacking_default\"><div class=\"vc_col-sm-12 wpb_column vc_column_container\"><div class=\"vc_column-inner\"><div class=\"wpb_wrapper\"><div class=\"w-tabs us_custom_3188818e layout_hor style_radio3 switch_click has_scrolling\" style=\"--sections-title-size:1em\"><div class=\"w-tabs-list items_2 align_none\"><div class=\"w-tabs-list-h\"><button class=\"w-tabs-item active\" aria-controls=\"content-jf84\" aria-expanded=\"false\"><span class=\"w-tabs-item-title\">Descripci\u00f3n<\/span><\/button><button class=\"w-tabs-item\" aria-controls=\"content-j300\" aria-expanded=\"false\"><span class=\"w-tabs-item-title\">Ficha T\u00e9cnica<\/span><\/button><\/div><\/div><div class=\"w-tabs-sections titles-align_none icon_chevron cpos_right\"><div class=\"w-tabs-section active\" id=\"jf84\"><button class=\"w-tabs-section-header active\" aria-controls=\"content-jf84\" aria-expanded=\"true\"><div class=\"w-tabs-section-title\">Descripci\u00f3n<\/div><div class=\"w-tabs-section-control\"><\/div><\/button><div  class=\"w-tabs-section-content\" id=\"content-jf84\"><div class=\"w-tabs-section-content-h i-cf\"><div class=\"wpb_text_column\"><div class=\"wpb_wrapper\"><ul>\n<li><span>Amp: 5<\/span><\/li>\n<li><span><\/span><span>Certificaci\u00f3n: Curvas certificadas ISO 9906<\/span><\/li>\n<li><span><\/span><span>Diametro: 1 1\/2\u2032<\/span><\/li>\n<li><span><\/span><span>Eficiencia energ\u00e9tica: S\u00cd<\/span><\/li>\n<li><span><\/span><span>Garant\u00eda Producto: 2 a\u00f1os<\/span><\/li>\n<li><span><\/span><span>HP: 1<\/span><\/li>\n<li><span><\/span><span>Modelo \/ Descripci\u00f3n: VXm10\/35-N<\/span><\/li>\n<li><span><\/span><span>Paso solidos (mm): 40<\/span><\/li>\n<li><span><\/span><span>Voltaje: 220V<\/span><\/li>\n<\/ul>\n<\/div><\/div><\/div><\/div><\/div><div class=\"w-tabs-section\" id=\"j300\"><button class=\"w-tabs-section-header\" aria-controls=\"content-j300\" aria-expanded=\"false\"><div class=\"w-tabs-section-title\">Ficha T\u00e9cnica<\/div><div class=\"w-tabs-section-control\"><\/div><\/button><div  class=\"w-tabs-section-content\" id=\"content-j300\"><div class=\"w-tabs-section-content-h i-cf\"><div class=\"w-btn-wrapper align_none\"><a class=\"w-btn us-btn-style_1 icon_atleft\" target=\"_blank\" href=\"\/wp-content\/uploads\/2025\/12\/Rex-Omega-katalog.pdf\"><i class=\"fas fa-file-pdf\"><\/i><span class=\"w-btn-label\">DESCARGAR<\/span><\/a><\/div><\/div><\/div><\/div><\/div><\/div><\/div><\/div><\/div><\/div><\/div><\/section>\n","protected":false},"excerpt":{"rendered":"<p>Son acoplamientos de material ultra flexible sin lubricante, utilizado en una variedad de aplicaciones, en variadas industrias. Excelente capacidad de amortiguaci\u00f3n contra las vibraciones y una alta capacidad de desalineamiento, proporcionando una mayor vida \u00fatil al equipo que est\u00e1 conectado. Estos acoplamientos ofrecen una f\u00e1cil instalaci\u00f3n y un amplio rango de tama\u00f1os y espaciados de ejes.<\/p>\n<p>Para uso con bombas, compresores, ventiladores industriales y mezcladores. Puede funcionar en horizontal o vertical sin componentes adicionales.<\/p>\n","protected":false},"featured_media":22634,"comment_status":"open","ping_status":"closed","template":"","meta":{"_joinchat":[]},"product_brand":[],"product_cat":[3463,3462],"product_tag":[],"class_list":{"0":"post-22631","1":"product","2":"type-product","3":"status-publish","4":"has-post-thumbnail","6":"product_cat-acoplamiento-flexible-omega","7":"product_cat-repuestos","9":"first","10":"instock","11":"purchasable","12":"product-type-simple"},"_links":{"self":[{"href":"https:\/\/sitioprueba3.starclick.cl\/index.php\/wp-json\/wp\/v2\/product\/22631","targetHints":{"allow":["GET"]}}],"collection":[{"href":"https:\/\/sitioprueba3.starclick.cl\/index.php\/wp-json\/wp\/v2\/product"}],"about":[{"href":"https:\/\/sitioprueba3.starclick.cl\/index.php\/wp-json\/wp\/v2\/types\/product"}],"replies":[{"embeddable":true,"href":"https:\/\/sitioprueba3.starclick.cl\/index.php\/wp-json\/wp\/v2\/comments?post=22631"}],"wp:featuredmedia":[{"embeddable":true,"href":"https:\/\/sitioprueba3.starclick.cl\/index.php\/wp-json\/wp\/v2\/media\/22634"}],"wp:attachment":[{"href":"https:\/\/sitioprueba3.starclick.cl\/index.php\/wp-json\/wp\/v2\/media?parent=22631"}],"wp:term":[{"taxonomy":"product_brand","embeddable":true,"href":"https:\/\/sitioprueba3.starclick.cl\/index.php\/wp-json\/wp\/v2\/product_brand?post=22631"},{"taxonomy":"product_cat","embeddable":true,"href":"https:\/\/sitioprueba3.starclick.cl\/index.php\/wp-json\/wp\/v2\/product_cat?post=22631"},{"taxonomy":"product_tag","embeddable":true,"href":"https:\/\/sitioprueba3.starclick.cl\/index.php\/wp-json\/wp\/v2\/product_tag?post=22631"}],"curies":[{"name":"wp","href":"https:\/\/api.w.org\/{rel}","templated":true}]}}